{"id":314,"date":"2026-02-06T23:40:45","date_gmt":"2026-02-06T23:40:45","guid":{"rendered":"https:\/\/drjesusmorgan.agendaaqui.com.mx\/?page_id=314"},"modified":"2026-02-06T23:41:49","modified_gmt":"2026-02-06T23:41:49","slug":"aviso-de-privacidad","status":"publish","type":"page","link":"https:\/\/drjesusmorgan.agendaaqui.com.mx\/index.php\/aviso-de-privacidad\/","title":{"rendered":"Aviso de privacidad"},"content":{"rendered":"\t\t<div data-elementor-type=\"wp-page\" data-elementor-id=\"314\" class=\"elementor elementor-314\">\n\t\t\t\t<div class=\"elementor-element elementor-element-9f8ff56 e-flex e-con-boxed e-con e-parent\" data-id=\"9f8ff56\" data-element_type=\"container\" data-e-type=\"container\" data-settings=\"{&quot;background_background&quot;:&quot;classic&quot;}\">\n\t\t\t\t\t<div class=\"e-con-inner\">\n\t\t<div class=\"elementor-element elementor-element-60e930f1 e-con-full e-flex e-con e-child\" data-id=\"60e930f1\" data-element_type=\"container\" data-e-type=\"container\">\n\t\t\t\t<div class=\"elementor-element elementor-element-5e326eb9 elementor-widget elementor-widget-heading\" data-id=\"5e326eb9\" data-element_type=\"widget\" data-e-type=\"widget\" data-widget_type=\"heading.default\">\n\t\t\t\t\t<p class=\"elementor-heading-title elementor-size-default\">Aviso de Privacidad<\/p>\t\t\t\t<\/div>\n\t\t\t\t<div class=\"elementor-element elementor-element-55944594 elementor-widget elementor-widget-text-editor\" data-id=\"55944594\" data-element_type=\"widget\" data-e-type=\"widget\" data-widget_type=\"text-editor.default\">\n\t\t\t\t\t\t\t\t\t<p><strong>Aviso de Privacidad<\/strong><\/p><p><strong>Dr. Jes\u00fas Dar\u00edo Morgan Toledo<\/strong> es responsable del uso y protecci\u00f3n de sus datos personales.<\/p><p><strong>Contacto<\/strong><\/p><p><strong>Domicilio:<\/strong> Cl\u00ednica M\u00e9dica del Sur, ubicada en Carretera Internacional (antes Columpio de Ixcotel) n\u00famero 208B, Colonia Am\u00e9rica Sur, C.P. 68050, Oaxaca, Oaxaca.<\/p><p><strong>Correo electr\u00f3nico:<\/strong> <a href=\"mailto:jdmorgantoledo@gmail.com\">jdmorgantoledo@gmail.com<\/a><\/p><p><strong>Tel\u00e9fonos:<\/strong> 9511735300<\/p><p><strong>Fines de la informaci\u00f3n recabada<\/strong><\/p><p>Sus datos personales ser\u00e1n utilizados para las siguientes finalidades:<\/p><ul><li>Proveer los servicios requeridos por usted.<\/li><li>Informar sobre cambios o nuevos servicios que est\u00e9n relacionados con el contrato adquirido por el cliente.<\/li><li>Dar cumplimiento a obligaciones contra\u00eddas con nuestros clientes.<\/li><li>Evaluar la calidad del servicio y realizar estudios internos sobre h\u00e1bitos de consumo.<\/li><\/ul><p>Para las finalidades se\u00f1aladas en el presente aviso de privacidad, podemos recabar sus datos personales de distintas formas:<\/p><ul><li>Cuando usted los proporciona directamente.<\/li><li>Cuando visita nuestro sitio de Internet o utiliza nuestros servicios en l\u00ednea.<\/li><li>Cuando obtenemos informaci\u00f3n a trav\u00e9s de otras fuentes que est\u00e1n permitidas por la ley de datos personales que recabamos de forma directa.<\/li><li>Cuando usted mismo nos los proporciona por diversos medios, como cuando participa en nuestras promociones o nos da informaci\u00f3n con objeto de que le prestemos un servicio.<\/li><\/ul><p>Usted tiene un plazo de 5 d\u00edas h\u00e1biles para que, de ser el caso, se oponga al uso de sus datos personales para las finalidades que no son necesarias para la prestaci\u00f3n, existencia y cumplimiento de nuestros servicios, mediante el procedimiento se\u00f1alado en el apartado.<\/p><p><strong>Datos personales que le solicitaremos para estos fines<\/strong><\/p><p>Recabamos sus datos personales de forma directa cuando usted mismo nos los proporciona por diversos medios:<\/p><ul><li>Nombre completo<\/li><li>Domicilio convencional<\/li><li>Tel\u00e9fono celular<\/li><li>E-mail<\/li><li>WhatsApp<\/li><\/ul><p>No recabamos datos sensibles ni datos de menores de edad.<\/p><p><strong>\u00bfC\u00f3mo obtenemos los datos personales?<\/strong><\/p><p>Los datos personales son recabados por email, a trav\u00e9s de nuestro sitio web, nuestras redes sociales,\u00a0 v\u00eda telef\u00f3nica, WhatsApp, de manera personal y\/o por escrito.<\/p><p><strong>\u00bfCon qui\u00e9n compartimos su informaci\u00f3n personal y para qu\u00e9 fines?<\/strong><\/p><p>Sus datos personales son compartidos dentro y fuera del pa\u00eds, dependiendo de la ubicaci\u00f3n y nacionalidad del titular, con autoridades fiscales y hacendarias para cumplir con obligaciones por mandato de ley, as\u00ed como para la emisi\u00f3n de facturas en los t\u00e9rminos de la legislaci\u00f3n fiscal y hacendaria aplicable, finalidades que no requieren el consentimiento del titular, en t\u00e9rminos del art\u00edculo 37 fracciones IV y VII de la LEY FEDERAL DE PROTECCI\u00d3N DE DATOS PERSONALES EN POSESI\u00d3N DE PARTICULARES.<\/p><p><strong>Acceder, rectificar o cancelar sus datos personales<\/strong><\/p><p>Usted tiene derecho de acceder a sus datos personales que poseemos y a los detalles del tratamiento de los mismos, as\u00ed como a rectificarlos en caso de ser inexactos o incompletos; cancelarlos cuando considere que no se requieren para alguna de las finalidades se\u00f1aladas en el presente aviso de privacidad, est\u00e9n siendo utilizados para finalidades no consentidas o haya finalizado la relaci\u00f3n contractual o de servicio, o bien, oponerse al tratamiento de los mismos para fines espec\u00edficos.<\/p><p>En todo momento, usted podr\u00e1 revocar el consentimiento que nos ha otorgado para el tratamiento de sus datos personales, a fin de que dejemos de hacer uso de los mismos.<\/p><p><strong>\u00bfC\u00f3mo puede revocar su consentimiento para el uso de sus datos personales?<\/strong><\/p><p>Usted puede revocar el consentimiento que, en su caso, nos haya otorgado para el tratamiento de sus datos personales. Sin embargo, es importante que tenga en cuenta que NO EN TODOS LOS CASOS, podremos atender su solicitud o concluir el uso de los datos de forma inmediata, ya que es posible que por alguna obligaci\u00f3n legal requiramos seguir tratando sus datos personales.<\/p><p>Asimismo, usted deber\u00e1 considerar que para ciertos fines, la revocaci\u00f3n de su consentimiento implica que no le podamos seguir prestando el servicio que nos solicit\u00f3 o que, incluso, se tenga por concluida su relaci\u00f3n con nosotros.<\/p><p>Los procedimientos y requisitos para la revocaci\u00f3n del consentimiento es el que a continuaci\u00f3n se enuncia:<\/p><ul><li>Elaborar una solicitud que deber\u00e1 contener:<\/li><li>Su nombre, domicilio y correo electr\u00f3nico para comunicarle la respuesta a su solicitud.<\/li><li>Los documentos que acrediten la identidad o, en su caso, la de su representante legal.<\/li><li>La descripci\u00f3n clara y precisa de:<\/li><\/ul><p>Los datos personales respecto de los que se busca ejercer la revocaci\u00f3n del consentimiento y las causas de la revocaci\u00f3n.<\/p><p>Cualquier otro elemento o documento que facilite la localizaci\u00f3n de los datos personales correspondientes.<\/p><p>La solicitud deber\u00e1 ser dirigida a <strong>Dr. Jes\u00fas Dar\u00edo Morgan Toledo<\/strong>, y\u00a0 enviada por cualquier v\u00eda de comunicaci\u00f3n de las enunciadas en el presente aviso de privacidad, en el apartado \u00abContacto\u00bb.<\/p><p>Una vez recibida la solicitud de REVOCACI\u00d3N DEL CONSENTIMIENTO otorgado para el tratamiento de los datos personales, en un plazo m\u00e1ximo de veinte d\u00edas\u00a0 \u00a0 h\u00e1biles, para resolver su petici\u00f3n; misma que, de resultar procedente, se har\u00e1 efectiva en un t\u00e9rmino m\u00e1ximo de quince d\u00edas h\u00e1biles, contados a partir de la fecha en que se le comunic\u00f3 la respuesta.<\/p><p>El procedimiento antes descrito es gratuito y se emite sin perjuicio de cualquier otro mecanismo m\u00e1s expedito que podamos establecer y que le daremos a conocer mediante su publicaci\u00f3n en la p\u00e1gina de internet<\/p><p>Para cualquier duda respecto del procedimiento antes citado, puede comunicarse v\u00eda telef\u00f3nica o por cualquier v\u00eda de comunicaci\u00f3n de las enunciadas en el presente aviso de privacidad en el apartado \u00ab<strong>Contacto<\/strong>\u00ab, donde ser\u00e1n atendidas todas sus dudas.<\/p><p><strong>Uso de tecnolog\u00edas de rastreo en nuestro portal de internet<\/strong><\/p><p>Le informamos que en nuestro Sitio Web utilizamos cookies, Google Analytics, Facebook pixel, y otras tecnolog\u00edas a trav\u00e9s de las cuales es posible monitorear su comportamiento como usuario de Internet, as\u00ed como brindarle un mejor servicio y experiencia de usuario al navegar en nuestra p\u00e1gina.<\/p><p>Los datos recabados a trav\u00e9s de nuestra P\u00e1gina Web, son nombre y correo electr\u00f3nico, que se recaban para responder a los mensajes que los usuarios env\u00eden por conducto de nuestra p\u00e1gina Web, as\u00ed como para hacerles llegar mercadotecnia, publicidad y promociones, y para mejorar el SITIO WEB y ajustarlo al comportamiento de los usuarios que lo visitan, as\u00ed como para el tr\u00e1mite de los registros y la remisi\u00f3n de informaci\u00f3n.<\/p><p><strong>\u00bfC\u00f3mo puede limitar el uso o divulgaci\u00f3n de su informaci\u00f3n personal?<\/strong><\/p><p>Usted puede solicitar su inscripci\u00f3n en el Registro P\u00fablico para Evitar Publicidad, que est\u00e1 a cargo de la PROCURADUR\u00cdA FEDERAL DEL CONSUMIDOR, con la finalidad de que sus datos personales no sean utilizados para recibir publicidad o promociones de empresas de bienes o servicios. Para mayor informaci\u00f3n sobre este registro, usted puede consultar el portal de internet de la PROFECO, o bien, ponerse en contacto directo con dicha Procuradur\u00eda.<\/p><p><strong>\u00bfC\u00f3mo puede conocer los cambios que se realicen a este aviso de privacidad?<\/strong><\/p><p>Derivado de novedades legislativas, pol\u00edticas internas o nuevos requerimientos para la prestaci\u00f3n u ofrecimiento de nuestros servicios, el presente aviso de privacidad estar\u00e1 sujeto a modificaciones o actualizaciones, las cuales se le dar\u00e1n a conocer mediante su publicaci\u00f3n en la p\u00e1gina de internet.<\/p><p><strong>\u00bfAnte qui\u00e9n puede presentar sus quejas o denuncias por el tratamiento indebido de sus datos personales?<\/strong><\/p><p>Si usted Considera que su derecho a la protecci\u00f3n de sus datos personales ha sido afectado por alguna conducta u omisi\u00f3n de nuestra parte o sospecha que se han violado las disposiciones previstas en la ley Federal de Protecci\u00f3n de Datos Personales en Posesi\u00f3n de los Particulares, su Reglamento y dem\u00e1s ordenamiento aplicables, usted podr\u00e1 interponer una queja o denuncia ante el Instituto Nacional de Transparencia, Acceso a la Informaci\u00f3n y Protecci\u00f3n de Datos Personales (INAI), para mayor informaci\u00f3n visita<\/p><p><a href=\"http:\/\/www.inai.org.mx\/\">www.inai.org.mx<\/a><\/p><p><!-- notionvc: 1ed6f098-ecee-4f1c-aa04-5b290d4b9d8c --><\/p>\t\t\t\t\t\t\t\t<\/div>\n\t\t\t\t<\/div>\n\t\t\t\t\t<\/div>\n\t\t\t\t<\/div>\n\t\t\t\t<\/div>\n\t\t","protected":false},"excerpt":{"rendered":"<p>Aviso de Privacidad Aviso de Privacidad Dr. Jes\u00fas Dar\u00edo Morgan Toledo es responsable del uso y protecci\u00f3n de sus datos [&hellip;]<\/p>\n","protected":false},"author":1,"featured_media":0,"parent":0,"menu_order":0,"comment_status":"closed","ping_status":"closed","template":"","meta":{"site-sidebar-layout":"no-sidebar","site-content-layout":"","ast-site-content-layout":"full-width-container","site-content-style":"default","site-sidebar-style":"default","ast-global-header-display":"","ast-banner-title-visibility":"","ast-main-header-display":"","ast-hfb-above-header-display":"","ast-hfb-below-header-display":"","ast-hfb-mobile-header-display":"","site-post-title":"","ast-breadcrumbs-content":"","ast-featured-img":"disabled","footer-sml-layout":"","ast-disable-related-posts":"","theme-transparent-header-meta":"","adv-header-id-meta":"","stick-header-meta":"","header-above-stick-meta":"","header-main-stick-meta":"","header-below-stick-meta":"","astra-migrate-meta-layouts":"default","ast-page-background-enabled":"default","ast-page-background-meta":{"desktop":{"background-color":"var(--ast-global-color-5)","background-image":"","background-repeat":"repeat","background-position":"center center","background-size":"auto","background-attachment":"scroll","background-type":"","background-media":"","overlay-type":"","overlay-color":"","overlay-opacity":"","overlay-gradient":""},"tablet":{"background-color":"","background-image":"","background-repeat":"repeat","background-position":"center center","background-size":"auto","background-attachment":"scroll","background-type":"","background-media":"","overlay-type":"","overlay-color":"","overlay-opacity":"","overlay-gradient":""},"mobile":{"background-color":"","background-image":"","background-repeat":"repeat","background-position":"center center","background-size":"auto","background-attachment":"scroll","background-type":"","background-media":"","overlay-type":"","overlay-color":"","overlay-opacity":"","overlay-gradient":""}},"ast-content-background-meta":{"desktop":{"background-color":"var(--ast-global-color-4)","background-image":"","background-repeat":"repeat","background-position":"center center","background-size":"auto","background-attachment":"scroll","background-type":"","background-media":"","overlay-type":"","overlay-color":"","overlay-opacity":"","overlay-gradient":""},"tablet":{"background-color":"var(--ast-global-color-4)","background-image":"","background-repeat":"repeat","background-position":"center center","background-size":"auto","background-attachment":"scroll","background-type":"","background-media":"","overlay-type":"","overlay-color":"","overlay-opacity":"","overlay-gradient":""},"mobile":{"background-color":"var(--ast-global-color-4)","background-image":"","background-repeat":"repeat","background-position":"center center","background-size":"auto","background-attachment":"scroll","background-type":"","background-media":"","overlay-type":"","overlay-color":"","overlay-opacity":"","overlay-gradient":""}},"footnotes":""},"class_list":["post-314","page","type-page","status-publish","hentry"],"yoast_head":"<!-- This site is optimized with the Yoast SEO plugin v27.3 - https:\/\/yoast.com\/product\/yoast-seo-wordpress\/ -->\n<title>Aviso de privacidad - Dr. Jes\u00fas Dar\u00edo Morgan Toledo, Ur\u00f3logo Certificado en Oaxaca<\/title>\n<meta name=\"robots\" content=\"index, follow, max-snippet:-1, max-image-preview:large, max-video-preview:-1\" \/>\n<link rel=\"canonical\" href=\"https:\/\/drjesusmorgan.agendaaqui.com.mx\/index.php\/aviso-de-privacidad\/\" \/>\n<meta property=\"og:locale\" content=\"es_ES\" \/>\n<meta property=\"og:type\" content=\"article\" \/>\n<meta property=\"og:title\" content=\"Aviso de privacidad - Dr. Jes\u00fas Dar\u00edo Morgan Toledo, Ur\u00f3logo Certificado en Oaxaca\" \/>\n<meta property=\"og:description\" content=\"Aviso de Privacidad Aviso de Privacidad Dr. Jes\u00fas Dar\u00edo Morgan Toledo es responsable del uso y protecci\u00f3n de sus datos [&hellip;]\" \/>\n<meta property=\"og:url\" content=\"https:\/\/drjesusmorgan.agendaaqui.com.mx\/index.php\/aviso-de-privacidad\/\" \/>\n<meta property=\"og:site_name\" content=\"Dr. Jes\u00fas Dar\u00edo Morgan Toledo, Ur\u00f3logo Certificado en Oaxaca\" \/>\n<meta property=\"article:modified_time\" content=\"2026-02-06T23:41:49+00:00\" \/>\n<meta name=\"twitter:card\" content=\"summary_large_image\" \/>\n<meta name=\"twitter:label1\" content=\"Tiempo de lectura\" \/>\n\t<meta name=\"twitter:data1\" content=\"6 minutos\" \/>\n<script type=\"application\/ld+json\" class=\"yoast-schema-graph\">{\"@context\":\"https:\\\/\\\/schema.org\",\"@graph\":[{\"@type\":\"WebPage\",\"@id\":\"https:\\\/\\\/drjesusmorgan.agendaaqui.com.mx\\\/index.php\\\/aviso-de-privacidad\\\/\",\"url\":\"https:\\\/\\\/drjesusmorgan.agendaaqui.com.mx\\\/index.php\\\/aviso-de-privacidad\\\/\",\"name\":\"Aviso de privacidad - Dr. Jes\u00fas Dar\u00edo Morgan Toledo, Ur\u00f3logo Certificado en Oaxaca\",\"isPartOf\":{\"@id\":\"https:\\\/\\\/drjesusmorgan.agendaaqui.com.mx\\\/#website\"},\"datePublished\":\"2026-02-06T23:40:45+00:00\",\"dateModified\":\"2026-02-06T23:41:49+00:00\",\"breadcrumb\":{\"@id\":\"https:\\\/\\\/drjesusmorgan.agendaaqui.com.mx\\\/index.php\\\/aviso-de-privacidad\\\/#breadcrumb\"},\"inLanguage\":\"es\",\"potentialAction\":[{\"@type\":\"ReadAction\",\"target\":[\"https:\\\/\\\/drjesusmorgan.agendaaqui.com.mx\\\/index.php\\\/aviso-de-privacidad\\\/\"]}]},{\"@type\":\"BreadcrumbList\",\"@id\":\"https:\\\/\\\/drjesusmorgan.agendaaqui.com.mx\\\/index.php\\\/aviso-de-privacidad\\\/#breadcrumb\",\"itemListElement\":[{\"@type\":\"ListItem\",\"position\":1,\"name\":\"Portada\",\"item\":\"https:\\\/\\\/drjesusmorgan.agendaaqui.com.mx\\\/\"},{\"@type\":\"ListItem\",\"position\":2,\"name\":\"Aviso de privacidad\"}]},{\"@type\":\"WebSite\",\"@id\":\"https:\\\/\\\/drjesusmorgan.agendaaqui.com.mx\\\/#website\",\"url\":\"https:\\\/\\\/drjesusmorgan.agendaaqui.com.mx\\\/\",\"name\":\"Dr. Jes\u00fas Dar\u00edo Morgan Toledo, Ur\u00f3logo Certificado en Oaxaca\",\"description\":\"Dr. Jes\u00fas Dar\u00edo Morgan Toledo, Ur\u00f3logo especialista en litiasis de v\u00eda urinaria, crecimiento prost\u00e1tico obstructivo, y tumores urol\u00f3gicos en Oaxaca.\",\"potentialAction\":[{\"@type\":\"SearchAction\",\"target\":{\"@type\":\"EntryPoint\",\"urlTemplate\":\"https:\\\/\\\/drjesusmorgan.agendaaqui.com.mx\\\/?s={search_term_string}\"},\"query-input\":{\"@type\":\"PropertyValueSpecification\",\"valueRequired\":true,\"valueName\":\"search_term_string\"}}],\"inLanguage\":\"es\"}]}<\/script>\n<!-- \/ Yoast SEO plugin. -->","yoast_head_json":{"title":"Aviso de privacidad - Dr. Jes\u00fas Dar\u00edo Morgan Toledo, Ur\u00f3logo Certificado en Oaxaca","robots":{"index":"index","follow":"follow","max-snippet":"max-snippet:-1","max-image-preview":"max-image-preview:large","max-video-preview":"max-video-preview:-1"},"canonical":"https:\/\/drjesusmorgan.agendaaqui.com.mx\/index.php\/aviso-de-privacidad\/","og_locale":"es_ES","og_type":"article","og_title":"Aviso de privacidad - Dr. Jes\u00fas Dar\u00edo Morgan Toledo, Ur\u00f3logo Certificado en Oaxaca","og_description":"Aviso de Privacidad Aviso de Privacidad Dr. Jes\u00fas Dar\u00edo Morgan Toledo es responsable del uso y protecci\u00f3n de sus datos [&hellip;]","og_url":"https:\/\/drjesusmorgan.agendaaqui.com.mx\/index.php\/aviso-de-privacidad\/","og_site_name":"Dr. Jes\u00fas Dar\u00edo Morgan Toledo, Ur\u00f3logo Certificado en Oaxaca","article_modified_time":"2026-02-06T23:41:49+00:00","twitter_card":"summary_large_image","twitter_misc":{"Tiempo de lectura":"6 minutos"},"schema":{"@context":"https:\/\/schema.org","@graph":[{"@type":"WebPage","@id":"https:\/\/drjesusmorgan.agendaaqui.com.mx\/index.php\/aviso-de-privacidad\/","url":"https:\/\/drjesusmorgan.agendaaqui.com.mx\/index.php\/aviso-de-privacidad\/","name":"Aviso de privacidad - Dr. Jes\u00fas Dar\u00edo Morgan Toledo, Ur\u00f3logo Certificado en Oaxaca","isPartOf":{"@id":"https:\/\/drjesusmorgan.agendaaqui.com.mx\/#website"},"datePublished":"2026-02-06T23:40:45+00:00","dateModified":"2026-02-06T23:41:49+00:00","breadcrumb":{"@id":"https:\/\/drjesusmorgan.agendaaqui.com.mx\/index.php\/aviso-de-privacidad\/#breadcrumb"},"inLanguage":"es","potentialAction":[{"@type":"ReadAction","target":["https:\/\/drjesusmorgan.agendaaqui.com.mx\/index.php\/aviso-de-privacidad\/"]}]},{"@type":"BreadcrumbList","@id":"https:\/\/drjesusmorgan.agendaaqui.com.mx\/index.php\/aviso-de-privacidad\/#breadcrumb","itemListElement":[{"@type":"ListItem","position":1,"name":"Portada","item":"https:\/\/drjesusmorgan.agendaaqui.com.mx\/"},{"@type":"ListItem","position":2,"name":"Aviso de privacidad"}]},{"@type":"WebSite","@id":"https:\/\/drjesusmorgan.agendaaqui.com.mx\/#website","url":"https:\/\/drjesusmorgan.agendaaqui.com.mx\/","name":"Dr. Jes\u00fas Dar\u00edo Morgan Toledo, Ur\u00f3logo Certificado en Oaxaca","description":"Dr. Jes\u00fas Dar\u00edo Morgan Toledo, Ur\u00f3logo especialista en litiasis de v\u00eda urinaria, crecimiento prost\u00e1tico obstructivo, y tumores urol\u00f3gicos en Oaxaca.","potentialAction":[{"@type":"SearchAction","target":{"@type":"EntryPoint","urlTemplate":"https:\/\/drjesusmorgan.agendaaqui.com.mx\/?s={search_term_string}"},"query-input":{"@type":"PropertyValueSpecification","valueRequired":true,"valueName":"search_term_string"}}],"inLanguage":"es"}]}},"_links":{"self":[{"href":"https:\/\/drjesusmorgan.agendaaqui.com.mx\/index.php\/wp-json\/wp\/v2\/pages\/314","targetHints":{"allow":["GET"]}}],"collection":[{"href":"https:\/\/drjesusmorgan.agendaaqui.com.mx\/index.php\/wp-json\/wp\/v2\/pages"}],"about":[{"href":"https:\/\/drjesusmorgan.agendaaqui.com.mx\/index.php\/wp-json\/wp\/v2\/types\/page"}],"author":[{"embeddable":true,"href":"https:\/\/drjesusmorgan.agendaaqui.com.mx\/index.php\/wp-json\/wp\/v2\/users\/1"}],"replies":[{"embeddable":true,"href":"https:\/\/drjesusmorgan.agendaaqui.com.mx\/index.php\/wp-json\/wp\/v2\/comments?post=314"}],"version-history":[{"count":0,"href":"https:\/\/drjesusmorgan.agendaaqui.com.mx\/index.php\/wp-json\/wp\/v2\/pages\/314\/revisions"}],"wp:attachment":[{"href":"https:\/\/drjesusmorgan.agendaaqui.com.mx\/index.php\/wp-json\/wp\/v2\/media?parent=314"}],"curies":[{"name":"wp","href":"https:\/\/api.w.org\/{rel}","templated":true}]}}